{"id":116,"date":"2018-06-20T07:42:46","date_gmt":"2018-06-20T10:42:46","guid":{"rendered":"https:\/\/imetra.com.br\/site\/grid-blog\/"},"modified":"2024-10-08T09:33:14","modified_gmt":"2024-10-08T12:33:14","slug":"blog","status":"publish","type":"page","link":"https:\/\/imetra.com.br\/site\/blog\/","title":{"rendered":"Blog"},"content":{"rendered":"\t\t<div data-elementor-type=\"wp-post\" data-elementor-id=\"116\" class=\"elementor elementor-116\" data-elementor-post-type=\"page\">\n\t\t\t\t\t\t<section class=\"elementor-section elementor-top-section elementor-element elementor-element-a61cd18 elementor-section-boxed elementor-section-height-default elementor-section-height-default\" data-id=\"a61cd18\" data-element_type=\"section\">\n\t\t\t\t\t\t<div class=\"elementor-container elementor-column-gap-default\">\n\t\t\t\t\t<div class=\"aux-parallax-section elementor-column elementor-col-100 elementor-top-column elementor-element elementor-element-6652ae3\" data-id=\"6652ae3\" data-element_type=\"column\">\n\t\t\t<div class=\"elementor-widget-wrap elementor-element-populated\">\n\t\t\t\t\t\t<div class=\"elementor-element elementor-element-4291da8 elementor-widget elementor-widget-heading\" data-id=\"4291da8\" data-element_type=\"widget\" data-widget_type=\"heading.default\">\n\t\t\t\t\t<h2 class=\"elementor-heading-title elementor-size-default\">Artigos e Not\u00edcias<\/h2>\t\t\t\t<\/div>\n\t\t\t\t<div class=\"elementor-element elementor-element-2a24bdd aux-appear-watch-animation aux-fade-in-up elementor-widget elementor-widget-aux_recent_posts\" data-id=\"2a24bdd\" data-element_type=\"widget\" data-settings=\"{&quot;columns&quot;:&quot;3&quot;,&quot;columns_tablet&quot;:&quot;1&quot;,&quot;columns_mobile&quot;:&quot;1&quot;}\" data-widget_type=\"aux_recent_posts.default\">\n\t\t\t\t\t<script>auxinNS(\"auxin.content.loadmore.auc730ce38\"); auxin.content.loadmore.auc730ce38={\"nonce\":\"1c9b5abaa5\",\"args\":{\"title\":\"\",\"subtitle\":\"\",\"cat\":[\" \"],\"num\":9,\"only_posts__in\":\"\",\"include\":\"\",\"exclude\":\"\",\"offset\":\"\",\"paged\":\"\",\"post_type\":\"post\",\"taxonomy_name\":\"category\",\"order_by\":\"date\",\"order\":\"DESC\",\"exclude_without_media\":\"no\",\"exclude_custom_post_formats\":\"no\",\"exclude_quote_link\":null,\"include_post_formats_in\":\"\",\"exclude_post_formats_in\":[],\"size\":\"\",\"display_title\":\"yes\",\"words_num\":\"\",\"show_media\":\"yes\",\"display_like\":\"\",\"display_comments\":\"\",\"display_categories\":\"\",\"max_taxonomy_num\":null,\"show_badge\":\"no\",\"content_layout\":\"default\",\"excerpt_len\":110,\"excerpt_length\":\"\",\"show_excerpt\":\"yes\",\"show_content\":\"yes\",\"show_info\":\"yes\",\"show_format_icon\":\"no\",\"show_date\":\"yes\",\"ignore_formats\":\"no\",\"post_info_position\":\"before-title\",\"author_or_readmore\":\"readmore\",\"image_aspect_ratio\":\"0.75\",\"meta_info_position\":\"after-content\",\"desktop_cnum\":\"3\",\"tablet_cnum\":\"1\",\"phone_cnum\":\"1\",\"preview_mode\":\"grid\",\"grid_table_hover\":\"bgimage-bgcolor\",\"tag\":\"\",\"display_author_footer\":null,\"display_author_header\":\"yes\",\"preloadable\":\"yes\",\"preload_preview\":\"no\",\"preload_bgcolor\":null,\"extra_classes\":\"\",\"extra_column_classes\":\"\",\"custom_el_id\":\"\",\"carousel_space\":null,\"carousel_autoplay\":null,\"carousel_autoplay_delay\":null,\"carousel_navigation\":null,\"carousel_navigation_control\":null,\"carousel_nav_control_pos\":null,\"carousel_nav_control_skin\":null,\"carousel_loop\":null,\"request_from\":\"\",\"template_part_file\":\"theme-parts\\\/entry\\\/post-column\",\"extra_template_path\":\"\",\"universal_id\":\"auc730ce38\",\"reset_query\":true,\"wp_query_args\":[],\"custom_wp_query\":\"\",\"loadmore_type\":\"next\",\"loadmore_per_page\":9,\"content\":null,\"skip_wrappers\":true,\"content_width\":1600,\"inview_transition\":\"none\",\"inview_duration\":\"\",\"inview_delay\":\"\",\"inview_repeat\":\"no\",\"inview_offset\":\"\",\"called_from\":\"\"},\"handler\":\"aux_recent_posts\",\"per_page\":9};<\/script><section class=\"widget-container aux-ajax-type-next aux-widget-recent-posts aux-parent-auc730ce38\"><div data-element-id=\"auc730ce38\" class=\"aux-match-height aux-row aux-de-col3 aux-tb-col1 aux-mb-col1 aux-total-4 aux-ajax-view  \"><div class=\"aux-col aux-ajax-item post-1163\">\n                        <article class=\"post column-entry post-1163 type-post status-publish format-standard hentry category-sem-categoria\">\n                                                        <div class=\"entry-media\"><div class=\"aux-media-frame aux-media-image aux-image-mask\"><a href=\"https:\/\/imetra.com.br\/site\/exames-ocupacionais\/\"><img fetchpriority=\"high\" decoding=\"async\" class=\"alignnone size-full wp-image-1164\" src=\"https:\/\/imetra.com.br\/site\/wp-content\/uploads\/2025\/07\/Exames-Ocupacionais.png\" alt=\"\" width=\"908\" height=\"369\" srcset=\"https:\/\/imetra.com.br\/site\/wp-content\/uploads\/2025\/07\/Exames-Ocupacionais.png 908w, https:\/\/imetra.com.br\/site\/wp-content\/uploads\/2025\/07\/Exames-Ocupacionais-200x81.png 200w\" sizes=\"(max-width: 908px) 100vw, 908px\" \/><\/a><\/div><\/div>\n                            \n                            <div class=\"entry-main\">\n                                                                                        \n                                <div class=\"entry-info\">\n                                                                    <div class=\"entry-date\">\n                                        <a href=\"https:\/\/imetra.com.br\/site\/exames-ocupacionais\/\">\n                                            <time datetime=\"2025-07-08T17:18:35-03:00\" title=\"2025-07-08T17:18:35-03:00\" >08\/07\/2025<\/time>\n                                        <\/a>\n                                    <\/div>\n                                                                                                    <span class=\"entry-meta-sep meta-sep\">by<\/span>\n                                    <span class=\"author vcard\">\n                                        <a href=\"https:\/\/imetra.com.br\/site\/author\/imetra\/\" rel=\"author\" title=\"View all posts by IMETRA Instituto\" >\n                                            IMETRA Instituto                                        <\/a>\n                                    <\/span>\n                                                                                                                                                                        <\/div>\n                            \n                                <header class=\"entry-header\">\n                                \n                                    <h4 class=\"entry-title\">\n                                        <a href=\"https:\/\/imetra.com.br\/site\/exames-ocupacionais\/\">\n                                            Exames Ocupacionais                                        <\/a>\n                                    <\/h4>\n                                                                    <div class=\"entry-format\">\n                                        <a href=\"https:\/\/imetra.com.br\/site\/exames-ocupacionais\/\">\n                                            <div class=\"post-format format-\"> <\/div>\n                                        <\/a>\n                                    <\/div>\n                                <\/header>\n                            \n                                                            <div class=\"entry-content\">\n                                                                            <p>Exames Ocupacionais \u2013 O que diz a NR-7?\r\n\r\nA Norma Regulamentadora n\u00ba 7 (NR-7) determina que todo trabalhador  ...<\/p><div class=\"clear\"><\/div>                                <\/div>\n                                                                                        <footer class=\"entry-meta aux-after-content\">\n                                                                        <div class=\"readmore\">\n                                        <a href=\"https:\/\/imetra.com.br\/site\/exames-ocupacionais\/\" class=\"aux-read-more\"><span class=\"aux-read-more-text\">Leia Mais<\/span><\/a>\n                                    <\/div>\n                                                                    <\/footer>\n                            \n                            <\/div>\n\n                        <\/article>\n<\/div><div class=\"aux-col aux-ajax-item post-1154\">\n                        <article class=\"post column-entry post-1154 type-post status-publish format-standard hentry category-medicina-do-trabalho category-sem-categoria\">\n                                                        <div class=\"entry-media\"><div class=\"aux-media-frame aux-media-image aux-image-mask\"><a href=\"https:\/\/imetra.com.br\/site\/aso-atestado-de-saude-ocupacional\/\"><img decoding=\"async\" class=\"alignnone size-full wp-image-1169\" src=\"https:\/\/imetra.com.br\/site\/wp-content\/uploads\/2025\/07\/ASO.png\" alt=\"\" width=\"749\" height=\"411\" srcset=\"https:\/\/imetra.com.br\/site\/wp-content\/uploads\/2025\/07\/ASO.png 749w, https:\/\/imetra.com.br\/site\/wp-content\/uploads\/2025\/07\/ASO-200x110.png 200w\" sizes=\"(max-width: 749px) 100vw, 749px\" \/><\/a><\/div><\/div>\n                            \n                            <div class=\"entry-main\">\n                                                                                        \n                                <div class=\"entry-info\">\n                                                                    <div class=\"entry-date\">\n                                        <a href=\"https:\/\/imetra.com.br\/site\/aso-atestado-de-saude-ocupacional\/\">\n                                            <time datetime=\"2025-07-03T16:35:25-03:00\" title=\"2025-07-03T16:35:25-03:00\" >03\/07\/2025<\/time>\n                                        <\/a>\n                                    <\/div>\n                                                                                                    <span class=\"entry-meta-sep meta-sep\">by<\/span>\n                                    <span class=\"author vcard\">\n                                        <a href=\"https:\/\/imetra.com.br\/site\/author\/imetra\/\" rel=\"author\" title=\"View all posts by IMETRA Instituto\" >\n                                            IMETRA Instituto                                        <\/a>\n                                    <\/span>\n                                                                                                                                                                        <\/div>\n                            \n                                <header class=\"entry-header\">\n                                \n                                    <h4 class=\"entry-title\">\n                                        <a href=\"https:\/\/imetra.com.br\/site\/aso-atestado-de-saude-ocupacional\/\">\n                                            ASO \u2013 Atestado de Sa\u00fade Ocupacional                                        <\/a>\n                                    <\/h4>\n                                                                    <div class=\"entry-format\">\n                                        <a href=\"https:\/\/imetra.com.br\/site\/aso-atestado-de-saude-ocupacional\/\">\n                                            <div class=\"post-format format-\"> <\/div>\n                                        <\/a>\n                                    <\/div>\n                                <\/header>\n                            \n                                                            <div class=\"entry-content\">\n                                                                            <p>Se trata de um documento p\u00fablico previsto no item 7.5.19 da Norma Regulamentadora n\u00b0 7, devendo ser emitido qu ...<\/p><div class=\"clear\"><\/div>                                <\/div>\n                                                                                        <footer class=\"entry-meta aux-after-content\">\n                                                                        <div class=\"readmore\">\n                                        <a href=\"https:\/\/imetra.com.br\/site\/aso-atestado-de-saude-ocupacional\/\" class=\"aux-read-more\"><span class=\"aux-read-more-text\">Leia Mais<\/span><\/a>\n                                    <\/div>\n                                                                    <\/footer>\n                            \n                            <\/div>\n\n                        <\/article>\n<\/div><div class=\"aux-col aux-ajax-item post-1146\">\n                        <article class=\"post column-entry post-1146 type-post status-publish format-standard hentry category-medicina-do-trabalho category-seguranca-do-trabalho category-sem-categoria tag-exames tag-medicodotrabalho tag-pcmso tag-saude tag-saudeocupacional\">\n                                                        <div class=\"entry-media\"><div class=\"aux-media-frame aux-media-image aux-image-mask\"><a href=\"https:\/\/imetra.com.br\/site\/pcmso-programa-de-controle-medico-de-saude-ocupacional\/\"><img decoding=\"async\" class=\"size-full wp-image-1152 aligncenter\" src=\"https:\/\/imetra.com.br\/site\/wp-content\/uploads\/2025\/06\/PCMSOcontrolemedicomedicodotrabalho.png\" alt=\"\" width=\"1278\" height=\"717\" srcset=\"https:\/\/imetra.com.br\/site\/wp-content\/uploads\/2025\/06\/PCMSOcontrolemedicomedicodotrabalho.png 1278w, https:\/\/imetra.com.br\/site\/wp-content\/uploads\/2025\/06\/PCMSOcontrolemedicomedicodotrabalho-200x112.png 200w\" sizes=\"(max-width: 1278px) 100vw, 1278px\" \/><\/a><\/div><\/div>\n                            \n                            <div class=\"entry-main\">\n                                                                                        \n                                <div class=\"entry-info\">\n                                                                    <div class=\"entry-date\">\n                                        <a href=\"https:\/\/imetra.com.br\/site\/pcmso-programa-de-controle-medico-de-saude-ocupacional\/\">\n                                            <time datetime=\"2025-06-27T14:17:51-03:00\" title=\"2025-06-27T14:17:51-03:00\" >27\/06\/2025<\/time>\n                                        <\/a>\n                                    <\/div>\n                                                                                                    <span class=\"entry-meta-sep meta-sep\">by<\/span>\n                                    <span class=\"author vcard\">\n                                        <a href=\"https:\/\/imetra.com.br\/site\/author\/imetra\/\" rel=\"author\" title=\"View all posts by IMETRA Instituto\" >\n                                            IMETRA Instituto                                        <\/a>\n                                    <\/span>\n                                                                                                                                                                        <\/div>\n                            \n                                <header class=\"entry-header\">\n                                \n                                    <h4 class=\"entry-title\">\n                                        <a href=\"https:\/\/imetra.com.br\/site\/pcmso-programa-de-controle-medico-de-saude-ocupacional\/\">\n                                            PCMSO \u2013 Programa de Controle M\u00e9dico de Sa\u00fade Ocupacional                                        <\/a>\n                                    <\/h4>\n                                                                    <div class=\"entry-format\">\n                                        <a href=\"https:\/\/imetra.com.br\/site\/pcmso-programa-de-controle-medico-de-saude-ocupacional\/\">\n                                            <div class=\"post-format format-\"> <\/div>\n                                        <\/a>\n                                    <\/div>\n                                <\/header>\n                            \n                                                            <div class=\"entry-content\">\n                                                                            <p>O Programa de Controle M\u00e9dico de Sa\u00fade Ocupacional (PCMSO) m instrumento obrigat\u00f3rio estabelecido pela Regulam ...<\/p><div class=\"clear\"><\/div>                                <\/div>\n                                                                                        <footer class=\"entry-meta aux-after-content\">\n                                                                        <div class=\"readmore\">\n                                        <a href=\"https:\/\/imetra.com.br\/site\/pcmso-programa-de-controle-medico-de-saude-ocupacional\/\" class=\"aux-read-more\"><span class=\"aux-read-more-text\">Leia Mais<\/span><\/a>\n                                    <\/div>\n                                                                    <\/footer>\n                            \n                            <\/div>\n\n                        <\/article>\n<\/div><div class=\"aux-col aux-ajax-item post-1144\">\n                        <article class=\"post column-entry post-1144 type-post status-publish format-standard hentry category-seguranca-do-trabalho tag-inventarioderiscos tag-pgr tag-planodeacao tag-programa-de-gerenciamento-de-riscos tag-riscosbiologicos tag-riscosfisicos tag-riscosocupacionais tag-riscosquimicos tag-segurancadotrabalho tag-sst\">\n                                                        <div class=\"entry-media\"><div class=\"aux-media-frame aux-media-image aux-image-mask\"><a href=\"https:\/\/imetra.com.br\/site\/pgr-programa-de-gerenciamento-de-riscos\/\"><img loading=\"lazy\" decoding=\"async\" class=\"alignnone wp-image-1149\" src=\"https:\/\/imetra.com.br\/site\/wp-content\/uploads\/2025\/06\/PGRsegurancadotrabalhoriscosocupacionais.png\" alt=\"\" width=\"929\" height=\"523\" srcset=\"https:\/\/imetra.com.br\/site\/wp-content\/uploads\/2025\/06\/PGRsegurancadotrabalhoriscosocupacionais.png 1144w, https:\/\/imetra.com.br\/site\/wp-content\/uploads\/2025\/06\/PGRsegurancadotrabalhoriscosocupacionais-200x113.png 200w\" sizes=\"(max-width: 929px) 100vw, 929px\" \/><\/a><\/div><\/div>\n                            \n                            <div class=\"entry-main\">\n                                                                                        \n                                <div class=\"entry-info\">\n                                                                    <div class=\"entry-date\">\n                                        <a href=\"https:\/\/imetra.com.br\/site\/pgr-programa-de-gerenciamento-de-riscos\/\">\n                                            <time datetime=\"2025-06-27T14:16:52-03:00\" title=\"2025-06-27T14:16:52-03:00\" >27\/06\/2025<\/time>\n                                        <\/a>\n                                    <\/div>\n                                                                                                    <span class=\"entry-meta-sep meta-sep\">by<\/span>\n                                    <span class=\"author vcard\">\n                                        <a href=\"https:\/\/imetra.com.br\/site\/author\/imetra\/\" rel=\"author\" title=\"View all posts by IMETRA Instituto\" >\n                                            IMETRA Instituto                                        <\/a>\n                                    <\/span>\n                                                                                                                                                                        <\/div>\n                            \n                                <header class=\"entry-header\">\n                                \n                                    <h4 class=\"entry-title\">\n                                        <a href=\"https:\/\/imetra.com.br\/site\/pgr-programa-de-gerenciamento-de-riscos\/\">\n                                            PGR \u2013 Programa de Gerenciamento de Riscos                                        <\/a>\n                                    <\/h4>\n                                                                    <div class=\"entry-format\">\n                                        <a href=\"https:\/\/imetra.com.br\/site\/pgr-programa-de-gerenciamento-de-riscos\/\">\n                                            <div class=\"post-format format-\"> <\/div>\n                                        <\/a>\n                                    <\/div>\n                                <\/header>\n                            \n                                                            <div class=\"entry-content\">\n                                                                            <p>O PGR \u2013 Programa de Gerenciamento de Riscos \u00e9 um instrumento obrigat\u00f3rio estabelecido pelas Normas Regulamenta ...<\/p><div class=\"clear\"><\/div>                                <\/div>\n                                                                                        <footer class=\"entry-meta aux-after-content\">\n                                                                        <div class=\"readmore\">\n                                        <a href=\"https:\/\/imetra.com.br\/site\/pgr-programa-de-gerenciamento-de-riscos\/\" class=\"aux-read-more\"><span class=\"aux-read-more-text\">Leia Mais<\/span><\/a>\n                                    <\/div>\n                                                                    <\/footer>\n                            \n                            <\/div>\n\n                        <\/article>\n<\/div><\/div><\/section><!-- widget-container -->\t\t\t\t<\/div>\n\t\t\t\t\t<\/div>\n\t\t<\/div>\n\t\t\t\t\t<\/div>\n\t\t<\/section>\n\t\t\t\t<\/div>\n\t\t","protected":false},"excerpt":{"rendered":"<p>Artigos e Not\u00edcias 19\/06\/2018 by Imetraadm | Edit Digital Marketing When, while the lovely valley teems with vapor around me, and the meridian sun strikes the upper surface of th &#8230; Leia Mais 19\/06\/2018 by Imetraadm | Edit Workplace Distractions When, while the lovely valley teems with vapor around me, and the meridian sun strikes [&hellip;]<\/p>\n","protected":false},"author":1,"featured_media":0,"parent":0,"menu_order":0,"comment_status":"closed","ping_status":"closed","template":"","meta":{"_joinchat":[],"footnotes":""},"class_list":["post-116","page","type-page","status-publish","hentry"],"_links":{"self":[{"href":"https:\/\/imetra.com.br\/site\/wp-json\/wp\/v2\/pages\/116","targetHints":{"allow":["GET"]}}],"collection":[{"href":"https:\/\/imetra.com.br\/site\/wp-json\/wp\/v2\/pages"}],"about":[{"href":"https:\/\/imetra.com.br\/site\/wp-json\/wp\/v2\/types\/page"}],"author":[{"embeddable":true,"href":"https:\/\/imetra.com.br\/site\/wp-json\/wp\/v2\/users\/1"}],"replies":[{"embeddable":true,"href":"https:\/\/imetra.com.br\/site\/wp-json\/wp\/v2\/comments?post=116"}],"version-history":[{"count":22,"href":"https:\/\/imetra.com.br\/site\/wp-json\/wp\/v2\/pages\/116\/revisions"}],"predecessor-version":[{"id":772,"href":"https:\/\/imetra.com.br\/site\/wp-json\/wp\/v2\/pages\/116\/revisions\/772"}],"wp:attachment":[{"href":"https:\/\/imetra.com.br\/site\/wp-json\/wp\/v2\/media?parent=116"}],"curies":[{"name":"wp","href":"https:\/\/api.w.org\/{rel}","templated":true}]}}